{"id":35,"date":"2021-08-16T15:19:09","date_gmt":"2021-08-16T13:19:09","guid":{"rendered":"https:\/\/www.brfros123.se\/index.php\/colibri-wp\/"},"modified":"2022-12-14T16:29:14","modified_gmt":"2022-12-14T15:29:14","slug":"colibri-wp","status":"publish","type":"page","link":"https:\/\/www.brfros123.se\/","title":{"rendered":"Startsida"},"content":{"rendered":"<div data-colibri-id=\"35-c1\" class=\"style-189 style-local-35-c1 position-relative\">\n  <!---->\n  <div data-colibri-component=\"section\" data-colibri-id=\"35-c2\" id=\"overlappable\" class=\"h-section h-section-global-spacing d-flex align-items-lg-center align-items-md-center align-items-center style-190 style-local-35-c2 position-relative\">\n    <!---->\n    <!---->\n    <div class=\"h-section-grid-container h-section-boxed-container\">\n      <!---->\n      <div data-colibri-id=\"35-c3\" class=\"h-row-container gutters-row-lg-0 gutters-row-md-0 gutters-row-2 gutters-row-v-lg-2 gutters-row-v-md-2 gutters-row-v-2 style-191 style-local-35-c3 position-relative\">\n        <!---->\n        <div class=\"h-row justify-content-lg-center justify-content-md-center justify-content-center align-items-lg-stretch align-items-md-stretch align-items-stretch gutters-col-lg-0 gutters-col-md-0 gutters-col-2 gutters-col-v-lg-2 gutters-col-v-md-2 gutters-col-v-2\">\n          <!---->\n          <div class=\"h-column h-column-container d-flex h-col-lg-3 h-col-md-3 h-col-12 style-192-outer style-local-35-c4-outer\">\n            <div data-colibri-id=\"35-c4\" class=\"d-flex h-flex-basis h-column__inner h-px-lg-3 h-px-md-3 h-px-2 v-inner-lg-3 v-inner-md-3 v-inner-2 style-192 style-local-35-c4 position-relative\">\n              <!---->\n              <!---->\n              <div class=\"w-100 h-y-container h-column__content h-column__v-align flex-basis-100 align-self-lg-center align-self-md-center align-self-center\">\n                <!---->\n                <div data-colibri-id=\"35-c5\" class=\"h-icon style-193 style-local-35-c5 position-relative h-element\">\n                  <!----><span class=\"h-svg-icon h-icon__icon style-193-icon style-local-35-c5-icon\"><!--Icon by Font Awesome (https:\/\/fontawesome.com)-->\n    <svg version=\"1.1\" xmlns=\"http:\/\/www.w3.org\/2000\/svg\" xmlns:xlink=\"http:\/\/www.w3.org\/1999\/xlink\" id=\"building-o\" viewBox=\"0 0 1552.451 1896.0833\">\n      <path d=\"M384 1312v64q0 13-9.5 22.5T352 1408h-64q-13 0-22.5-9.5T256 1376v-64q0-13 9.5-22.5t22.5-9.5h64q13 0 22.5 9.5t9.5 22.5zm0-256v64q0 13-9.5 22.5T352 1152h-64q-13 0-22.5-9.5T256 1120v-64q0-13 9.5-22.5t22.5-9.5h64q13 0 22.5 9.5t9.5 22.5zm256 0v64q0 13-9.5 22.5T608 1152h-64q-13 0-22.5-9.5T512 1120v-64q0-13 9.5-22.5t22.5-9.5h64q13 0 22.5 9.5t9.5 22.5zM384 800v64q0 13-9.5 22.5T352 896h-64q-13 0-22.5-9.5T256 864v-64q0-13 9.5-22.5T288 768h64q13 0 22.5 9.5T384 800zm768 512v64q0 13-9.5 22.5t-22.5 9.5h-64q-13 0-22.5-9.5t-9.5-22.5v-64q0-13 9.5-22.5t22.5-9.5h64q13 0 22.5 9.5t9.5 22.5zm-256-256v64q0 13-9.5 22.5T864 1152h-64q-13 0-22.5-9.5T768 1120v-64q0-13 9.5-22.5t22.5-9.5h64q13 0 22.5 9.5t9.5 22.5zM640 800v64q0 13-9.5 22.5T608 896h-64q-13 0-22.5-9.5T512 864v-64q0-13 9.5-22.5T544 768h64q13 0 22.5 9.5T640 800zM384 544v64q0 13-9.5 22.5T352 640h-64q-13 0-22.5-9.5T256 608v-64q0-13 9.5-22.5T288 512h64q13 0 22.5 9.5T384 544zm768 512v64q0 13-9.5 22.5t-22.5 9.5h-64q-13 0-22.5-9.5t-9.5-22.5v-64q0-13 9.5-22.5t22.5-9.5h64q13 0 22.5 9.5t9.5 22.5zM896 800v64q0 13-9.5 22.5T864 896h-64q-13 0-22.5-9.5T768 864v-64q0-13 9.5-22.5T800 768h64q13 0 22.5 9.5T896 800zM640 544v64q0 13-9.5 22.5T608 640h-64q-13 0-22.5-9.5T512 608v-64q0-13 9.5-22.5T544 512h64q13 0 22.5 9.5T640 544zM384 288v64q0 13-9.5 22.5T352 384h-64q-13 0-22.5-9.5T256 352v-64q0-13 9.5-22.5T288 256h64q13 0 22.5 9.5T384 288zm768 512v64q0 13-9.5 22.5T1120 896h-64q-13 0-22.5-9.5T1024 864v-64q0-13 9.5-22.5t22.5-9.5h64q13 0 22.5 9.5t9.5 22.5zM896 544v64q0 13-9.5 22.5T864 640h-64q-13 0-22.5-9.5T768 608v-64q0-13 9.5-22.5T800 512h64q13 0 22.5 9.5T896 544zM640 288v64q0 13-9.5 22.5T608 384h-64q-13 0-22.5-9.5T512 352v-64q0-13 9.5-22.5T544 256h64q13 0 22.5 9.5T640 288zm512 256v64q0 13-9.5 22.5T1120 640h-64q-13 0-22.5-9.5T1024 608v-64q0-13 9.5-22.5t22.5-9.5h64q13 0 22.5 9.5t9.5 22.5zM896 288v64q0 13-9.5 22.5T864 384h-64q-13 0-22.5-9.5T768 352v-64q0-13 9.5-22.5T800 256h64q13 0 22.5 9.5T896 288zm256 0v64q0 13-9.5 22.5T1120 384h-64q-13 0-22.5-9.5T1024 352v-64q0-13 9.5-22.5t22.5-9.5h64q13 0 22.5 9.5t9.5 22.5zM896 1664h384V128H128v1536h384v-224q0-13 9.5-22.5t22.5-9.5h320q13 0 22.5 9.5t9.5 22.5v224zM1408 64v1664q0 26-19 45t-45 19H64q-26 0-45-19t-19-45V64q0-26 19-45T64 0h1280q26 0 45 19t19 45z\"><\/path>\n    <\/svg><\/span><\/div>\n                <div data-colibri-id=\"35-c6\" class=\"h-global-transition-all h-heading style-194 style-local-35-c6 position-relative h-element\">\n                  <!---->\n                  <div class=\"h-heading__outer style-194 style-local-35-c6\">\n                    <!---->\n                    <!---->\n                    <h5 class=\"\">INDUSTRILOKALER&nbsp;<\/h5>\n                  <\/div>\n                <\/div>\n                <div data-colibri-id=\"35-c7\" class=\"h-text h-text-component style-195 style-local-35-c7 position-relative h-element\">\n                  <!---->\n                  <!---->\n                  <div class=\"\">\n                    <p>Bostadsr\u00e4ttsf\u00f6reningen best\u00e5r av 17 stycken industrilokaler i tv\u00e5 plan&nbsp;<\/p>\n                  <\/div>\n                <\/div>\n              <\/div>\n            <\/div>\n          <\/div>\n          <div class=\"h-column h-column-container d-flex h-col-lg-3 h-col-md-3 h-col-12 style-192-outer style-local-35-c8-outer\">\n            <div data-colibri-id=\"35-c8\" class=\"d-flex h-flex-basis h-column__inner h-px-lg-3 h-px-md-3 h-px-2 v-inner-lg-3 v-inner-md-3 v-inner-2 style-192 style-local-35-c8 position-relative\">\n              <!---->\n              <!---->\n              <div class=\"w-100 h-y-container h-column__content h-column__v-align flex-basis-100 align-self-lg-center align-self-md-center align-self-center\">\n                <!---->\n                <div data-colibri-id=\"35-c9\" class=\"h-icon style-193 style-local-35-c9 position-relative h-element\">\n                  <!----><span class=\"h-svg-icon h-icon__icon style-193-icon style-local-35-c9-icon\"><!--Icon by Font Awesome (https:\/\/fontawesome.com)-->\n    <svg version=\"1.1\" xmlns=\"http:\/\/www.w3.org\/2000\/svg\" xmlns:xlink=\"http:\/\/www.w3.org\/1999\/xlink\" id=\"inbox\" viewBox=\"0 0 1536 1896.0833\">\n      <path d=\"M1023 960h316q-1-3-2.5-8.5t-2.5-7.5l-212-496H414L202 944q-1 3-2.5 8.5T197 960h316l95 192h320zm513 30v482q0 26-19 45t-45 19H64q-26 0-45-19t-19-45V990q0-62 25-123l238-552q10-25 36.5-42t52.5-17h832q26 0 52.5 17t36.5 42l238 552q25 61 25 123z\"><\/path>\n    <\/svg><\/span><\/div>\n                <div data-colibri-id=\"35-c10\" class=\"h-global-transition-all h-heading style-194 style-local-35-c10 position-relative h-element\">\n                  <!---->\n                  <div class=\"h-heading__outer style-194 style-local-35-c10\">\n                    <!---->\n                    <!---->\n                    <h5 class=\"\">ADRESS LOKALER<\/h5>\n                  <\/div>\n                <\/div>\n                <div data-colibri-id=\"35-c11\" class=\"h-text h-text-component style-195 style-local-35-c11 position-relative h-element\">\n                  <!---->\n                  <!---->\n                  <div class=\"\">\n                    <p><span style=\"font-weight: 400; font-size: 16px; font-family: &quot;Open Sans&quot;; color: rgb(70, 112, 127);\">Tenngatan 25-27<br>195 72 Rosersberg<\/span>\n                      <br>\n                      <br>\n                    <\/p>\n                  <\/div>\n                <\/div>\n              <\/div>\n            <\/div>\n          <\/div>\n          <div class=\"h-column h-column-container d-flex h-col-lg-3 h-col-md-3 h-col-12 style-192-outer style-local-35-c12-outer\">\n            <div data-colibri-id=\"35-c12\" class=\"d-flex h-flex-basis h-column__inner h-px-lg-3 h-px-md-3 h-px-2 v-inner-lg-3 v-inner-md-3 v-inner-2 style-192 style-local-35-c12 position-relative\">\n              <!---->\n              <!---->\n              <div class=\"w-100 h-y-container h-column__content h-column__v-align flex-basis-100 align-self-lg-center align-self-md-center align-self-center\">\n                <!---->\n                <div data-colibri-id=\"35-c13\" class=\"h-icon style-193 style-local-35-c13 position-relative h-element\">\n                  <!----><span class=\"h-svg-icon h-icon__icon style-193-icon style-local-35-c13-icon\"><!--Icon by Socicon (http:\/\/www.socicon.com)--><svg version=\"1.1\" xmlns=\"http:\/\/www.w3.org\/2000\/svg\" viewBox=\"0 0 1500 1500\">\n\n<path d=\"M1007.813 175.781h-952.148c-32.227 0-55.664 23.438-55.664 52.734v1042.969c0 29.297 23.438 52.734 55.664 52.734h952.148l492.188-574.219zM606.445 1095.703c-231.445 0-307.617-8.789-307.617-8.789s11.719-184.57 96.68-216.797c82.031-32.227 102.539-29.297 131.836-46.875 0 0 2.93 0 2.93 0v-49.805c-29.297-23.438-49.805-61.523-64.453-102.539-14.648-17.578-23.438-35.156-23.438-55.664 0-14.648 5.859-29.297 11.719-41.016 5.859-102.539 70.313-169.922 152.344-169.922 79.102 0 146.484 67.383 149.414 169.922 8.789 11.719 11.719 26.367 11.719 41.016 0 20.508-8.789 38.086-23.438 55.664-11.719 41.016-35.156 79.102-61.523 102.539v49.805c0 0 0 0 0 0 29.297 17.578 49.805 14.648 134.766 46.875s96.68 216.797 96.68 216.797c0 0-79.102 8.789-307.617 8.789z\"><\/path>\n<\/svg>\n<\/span><\/div>\n                <div data-colibri-id=\"35-c14\" class=\"h-global-transition-all h-heading style-194 style-local-35-c14 position-relative h-element\">\n                  <!---->\n                  <div class=\"h-heading__outer style-194 style-local-35-c14\">\n                    <!---->\n                    <!---->\n                    <h5 class=\"\">ADministration<\/h5>\n                  <\/div>\n                <\/div>\n                <div data-colibri-id=\"35-c15\" class=\"h-text h-text-component style-195 style-local-35-c15 position-relative h-element\">\n                  <!---->\n                  <!---->\n                  <div class=\"\">\n                    <p>Kontakta styrelsen p\u00e5:\n                      <br>admin@brfros123.se\n                      <br>\n                      <br>\n                    <\/p>\n                  <\/div>\n                <\/div>\n              <\/div>\n            <\/div>\n          <\/div>\n          <div class=\"h-column h-column-container d-flex h-col-lg-3 h-col-md-3 h-col-12 style-196-outer style-local-35-c16-outer\">\n            <div data-colibri-id=\"35-c16\" class=\"d-flex h-flex-basis h-column__inner h-px-lg-3 h-px-md-3 h-px-2 v-inner-lg-3 v-inner-md-3 v-inner-2 style-196 style-local-35-c16 position-relative\">\n              <!---->\n              <!---->\n              <div class=\"w-100 h-y-container h-column__content h-column__v-align flex-basis-100 align-self-lg-center align-self-md-center align-self-center\">\n                <!---->\n                <div data-colibri-id=\"35-c17\" class=\"h-icon style-193 style-local-35-c17 position-relative h-element\">\n                  <!----><span class=\"h-svg-icon h-icon__icon style-193-icon style-local-35-c17-icon\"><!--Icon by Font Awesome (https:\/\/fontawesome.com)-->\n    <svg version=\"1.1\" xmlns=\"http:\/\/www.w3.org\/2000\/svg\" xmlns:xlink=\"http:\/\/www.w3.org\/1999\/xlink\" id=\"envelope-o\" viewBox=\"0 0 1792 1896.0833\">\n      <path d=\"M1664 1504V736q-32 36-69 66-268 206-426 338-51 43-83 67t-86.5 48.5T897 1280h-2q-48 0-102.5-24.5T706 1207t-83-67q-158-132-426-338-37-30-69-66v768q0 13 9.5 22.5t22.5 9.5h1472q13 0 22.5-9.5t9.5-22.5zm0-1051v-24.5l-.5-13-3-12.5-5.5-9-9-7.5-14-2.5H160q-13 0-22.5 9.5T128 416q0 168 147 284 193 152 401 317 6 5 35 29.5t46 37.5 44.5 31.5T852 1143t43 9h2q20 0 43-9t50.5-27.5 44.5-31.5 46-37.5 35-29.5q208-165 401-317 54-43 100.5-115.5T1664 453zm128-37v1088q0 66-47 113t-113 47H160q-66 0-113-47T0 1504V416q0-66 47-113t113-47h1472q66 0 113 47t47 113z\"><\/path>\n    <\/svg><\/span><\/div>\n                <div data-colibri-id=\"35-c18\" class=\"h-global-transition-all h-heading style-194 style-local-35-c18 position-relative h-element\">\n                  <!---->\n                  <div class=\"h-heading__outer style-194 style-local-35-c18\">\n                    <!---->\n                    <!---->\n                    <h5 class=\"\">postadress<\/h5>\n                  <\/div>\n                <\/div>\n                <div data-colibri-id=\"35-c19\" class=\"h-text h-text-component style-195 style-local-35-c19 position-relative h-element\">\n                  <!---->\n                  <!---->\n                  <div class=\"\">\n                    <p>Brf Rosersberg 123\n                      <br>Box 1238\n                      <br>131 28 Nacka Strand<\/p>\n                  <\/div>\n                <\/div>\n              <\/div>\n            <\/div>\n          <\/div>\n        <\/div>\n      <\/div>\n    <\/div>\n  <\/div>\n  <div data-colibri-component=\"section\" data-colibri-id=\"35-c20\" id=\"team\" class=\"h-section h-section-global-spacing d-flex align-items-lg-center align-items-md-center align-items-center style-275 style-local-35-c20 position-relative\">\n    <!---->\n    <!---->\n    <div class=\"h-section-grid-container h-section-boxed-container\">\n      <div data-colibri-id=\"35-c42\" class=\"h-row-container gutters-row-lg-2 gutters-row-md-2 gutters-row-2 gutters-row-v-lg-2 gutters-row-v-md-2 gutters-row-v-2 style-287 style-local-35-c42 position-relative\">\n        <!---->\n        <div class=\"h-row justify-content-lg-center justify-content-md-center justify-content-center align-items-lg-stretch align-items-md-stretch align-items-stretch gutters-col-lg-2 gutters-col-md-2 gutters-col-2 gutters-col-v-lg-2 gutters-col-v-md-2 gutters-col-v-2\">\n          <!---->\n          <div class=\"h-column h-column-container d-flex h-col-lg-auto h-col-md-auto h-col-auto style-288-outer style-local-35-c43-outer\">\n            <div data-colibri-id=\"35-c43\" class=\"d-flex h-flex-basis h-column__inner h-px-lg-2 h-px-md-2 h-px-2 v-inner-lg-2 v-inner-md-2 v-inner-2 style-288 style-local-35-c43 position-relative\">\n              <!---->\n              <!---->\n              <div class=\"w-100 h-y-container h-column__content h-column__v-align flex-basis-100 align-self-lg-start align-self-md-start align-self-start\">\n                <!---->\n                <div data-colibri-id=\"35-c44\" class=\"h-global-transition-all h-heading style-289 style-local-35-c44 position-relative h-element\">\n                  <!---->\n                  <div class=\"h-heading__outer style-289 style-local-35-c44\">\n                    <!---->\n                    <!---->\n                    <h2 class=\"\">Bostadsr\u00e4ttsinnehavare<\/h2>\n                  <\/div>\n                <\/div>\n                <div data-colibri-id=\"35-c45\" class=\"h-lead h-text h-text-component style-290 style-local-35-c45 position-relative h-element\">\n                  <!---->\n                  <!---->\n                  <div class=\"\">\n                    <p><span style=\"font-weight: 300; font-size: 20px; font-family: &quot;Open Sans&quot;; color: rgb(37, 41, 42);\">F\u00f6ljande f\u00f6retag verkar i v\u00e5ra lokaler:<\/span><\/p>\n                  <\/div>\n                <\/div>\n              <\/div>\n            <\/div>\n          <\/div>\n        <\/div>\n      <\/div>\n      <div data-colibri-id=\"35-c21\" class=\"h-row-container gutters-row-lg-2 gutters-row-md-2 gutters-row-2 gutters-row-v-lg-2 gutters-row-v-md-2 gutters-row-v-2 style-276 style-local-35-c21 position-relative\">\n        <!---->\n        <div class=\"h-row justify-content-lg-center justify-content-md-center justify-content-center align-items-lg-stretch align-items-md-stretch align-items-stretch gutters-col-lg-2 gutters-col-md-2 gutters-col-2 gutters-col-v-lg-2 gutters-col-v-md-2 gutters-col-v-2\">\n          <!---->\n          <div class=\"h-column h-column-container d-flex h-col-lg-3 h-col-md-6 h-col-12 style-277-outer style-local-35-c22-outer\">\n            <div data-colibri-id=\"35-c22\" class=\"d-flex h-flex-basis h-column__inner h-px-lg-2 h-px-md-2 h-px-2 v-inner-lg-2 v-inner-md-2 v-inner-2 style-277 style-local-35-c22 h-overflow-hidden position-relative\">\n              <!---->\n              <!---->\n              <div class=\"w-100 h-y-container h-column__content h-column__v-align flex-basis-100 align-self-lg-start align-self-md-start align-self-start\">\n                <!---->\n                <div data-colibri-id=\"35-c23\" class=\"style-366 style-local-35-c23 position-relative h-element\">\n                  <!---->\n                <\/div>\n                <div data-colibri-id=\"35-c24\" class=\"d-block style-278 style-local-35-c24 position-relative h-element\">\n                  <!---->\n                  <div class=\"h-image__frame-container-outer\">\n                    <a href=\"https:\/\/www.head-engineering.se\/\" h-use-smooth-scroll=\"true\" class=\"image-link\">\n                      <div class=\"h-image__frame-container\">\n                        <!---->\n                        <!---->\n                        <img decoding=\"async\" loading=\"lazy\" width=\"2560\" height=\"595\" src=\"https:\/\/www.brfros123.se\/wp-content\/uploads\/2021\/08\/HE-scaled.jpg\" class=\"wp-image-137 style-278-image style-local-35-c24-image\" srcset=\"https:\/\/www.brfros123.se\/wp-content\/uploads\/2021\/08\/HE-scaled.jpg 2560w, https:\/\/www.brfros123.se\/wp-content\/uploads\/2021\/08\/HE-300x70.jpg 300w, https:\/\/www.brfros123.se\/wp-content\/uploads\/2021\/08\/HE-1024x238.jpg 1024w, https:\/\/www.brfros123.se\/wp-content\/uploads\/2021\/08\/HE-768x178.jpg 768w, https:\/\/www.brfros123.se\/wp-content\/uploads\/2021\/08\/HE-1536x357.jpg 1536w, https:\/\/www.brfros123.se\/wp-content\/uploads\/2021\/08\/HE-2048x476.jpg 2048w\" sizes=\"(max-width: 2560px) 100vw, 2560px\" alt=\"\" \/>\n                        <div class=\"h-image__frame h-hide-lg h-hide-md h-hide-sm style-278-frameImage style-local-35-c24-frameImage\"><\/div>\n                      <\/div>\n                    <\/a>\n                  <\/div>\n                <\/div>\n                <div data-colibri-id=\"35-c25\" class=\"style-357 style-local-35-c25 position-relative h-element\">\n                  <!---->\n                <\/div>\n                <div data-colibri-id=\"35-c26\" class=\"h-global-transition-all h-heading style-353 style-local-35-c26 position-relative h-element\">\n                  <!---->\n                  <div class=\"h-heading__outer style-353 style-local-35-c26\">\n                    <!---->\n                    <!---->\n                    <h4 class=\"\">HEAD Engineering AB<\/h4>\n                  <\/div>\n                <\/div>\n                <div data-colibri-id=\"35-c27\" class=\"style-376 style-local-35-c27 position-relative h-element\">\n                  <!---->\n                <\/div>\n                <div data-colibri-id=\"35-c28\" class=\"h-text h-text-component style-375 style-local-35-c28 position-relative h-element\">\n                  <!---->\n                  <!---->\n                  <div class=\"\">\n                    <p>HEAD Engineering designar&nbsp; och levererar processanl\u00e4ggningar inom l\u00e4kemedels- och&nbsp; pappermassaindustrin.<\/p>\n                  <\/div>\n                <\/div>\n                <div data-colibri-id=\"35-c29\" class=\"style-367 style-local-35-c29 position-relative h-element\">\n                  <!---->\n                <\/div>\n                <div data-colibri-id=\"35-c30\" class=\"h-x-container style-362 style-local-35-c30 position-relative h-element\">\n                  <!---->\n                  <div class=\"h-x-container-inner style-dynamic-35-c30-group style-362-spacing style-local-35-c30-spacing\"><span class=\"h-button__outer style-363-outer style-local-35-c31-outer d-inline-flex h-element\"><a h-use-smooth-scroll=\"true\" href=\"https:\/\/www.head-engineering.se\/\"  data-colibri-id=\"35-c31\" class=\"d-flex w-100 align-items-center h-button justify-content-lg-center justify-content-md-center justify-content-center style-363 style-local-35-c31 position-relative\"><!----><!----> <span>hemsida<\/span><\/a>\n                    <\/span>\n                  <\/div>\n                <\/div>\n              <\/div>\n            <\/div>\n          <\/div>\n          <div class=\"h-column h-column-container d-flex h-col-lg-3 h-col-md-6 h-col-12 style-277-outer style-local-35-c32-outer\">\n            <div data-colibri-id=\"35-c32\" class=\"d-flex h-flex-basis h-column__inner h-px-lg-2 h-px-md-2 h-px-2 v-inner-lg-2 v-inner-md-2 v-inner-2 style-277 style-local-35-c32 h-overflow-hidden position-relative\">\n              <!---->\n              <!---->\n              <div class=\"w-100 h-y-container h-column__content h-column__v-align flex-basis-100 align-self-lg-start align-self-md-start align-self-start\">\n                <!---->\n                <div data-colibri-id=\"35-c33\" class=\"style-368 style-local-35-c33 position-relative h-element\">\n                  <!---->\n                <\/div>\n                <div data-colibri-id=\"35-c34\" class=\"d-block style-278 style-local-35-c34 position-relative h-element\">\n                  <!---->\n                  <div class=\"h-image__frame-container-outer\">\n                    <div class=\"h-image__frame-container\">\n                      <!---->\n                      <!---->\n                      <img decoding=\"async\" loading=\"lazy\" width=\"250\" height=\"50\" src=\"https:\/\/www.brfros123.se\/wp-content\/uploads\/2021\/08\/Lucent-250x50-1.png\" class=\"wp-image-146 style-278-image style-local-35-c34-image\" alt=\"\" \/>\n                      <div class=\"h-image__frame h-hide-lg h-hide-md h-hide-sm style-278-frameImage style-local-35-c34-frameImage\"><\/div>\n                    <\/div>\n                  <\/div>\n                <\/div>\n                <div data-colibri-id=\"35-c35\" class=\"style-369 style-local-35-c35 position-relative h-element\">\n                  <!---->\n                <\/div>\n                <div data-colibri-id=\"35-c36\" class=\"h-global-transition-all h-heading style-373 style-local-35-c36 position-relative h-element\">\n                  <!---->\n                  <div class=\"h-heading__outer style-373 style-local-35-c36\">\n                    <!---->\n                    <!---->\n                    <h4 class=\"\">Lucent Chemicals AB<\/h4>\n                  <\/div>\n                <\/div>\n                <div data-colibri-id=\"35-c37\" class=\"style-378 style-local-35-c37 position-relative h-element\">\n                  <!---->\n                <\/div>\n                <div data-colibri-id=\"35-c38\" class=\"h-text h-text-component style-377 style-local-35-c38 position-relative h-element\">\n                  <!---->\n                  <!---->\n                  <div class=\"\">\n                    <p>Lucent utvecklar och s\u00e4ljer kemiska produkter i tv\u00e5 aff\u00e4rsomr\u00e5den: Industrioljor och olje\u00e5tervinning.<\/p>\n                  <\/div>\n                <\/div>\n                <div data-colibri-id=\"35-c39\" class=\"style-379 style-local-35-c39 position-relative h-element\">\n                  <!---->\n                <\/div>\n                <div data-colibri-id=\"35-c40\" class=\"h-x-container style-380 style-local-35-c40 position-relative h-element\">\n                  <!---->\n                  <div class=\"h-x-container-inner style-dynamic-35-c40-group style-380-spacing style-local-35-c40-spacing\"><span class=\"h-button__outer style-381-outer style-local-35-c41-outer d-inline-flex h-element\"><a h-use-smooth-scroll=\"true\" href=\"https:\/\/www.lucent.se\/\"  data-colibri-id=\"35-c41\" class=\"d-flex w-100 align-items-center h-button justify-content-lg-center justify-content-md-center justify-content-center style-381 style-local-35-c41 position-relative\"><!----><!----> <span>hemsida<\/span><\/a>\n                    <\/span>\n                  <\/div>\n                <\/div>\n              <\/div>\n            <\/div>\n          <\/div>\n        <\/div>\n      <\/div>\n    <\/div>\n  <\/div>\n<\/div>","protected":false},"excerpt":{"rendered":"<p>INDUSTRILOKALER&nbsp; Bostadsr\u00e4ttsf\u00f6reningen best\u00e5r av 17 stycken industrilokaler i tv\u00e5 plan&nbsp; ADRESS LOKALER Tenngatan 25-27195 72 Rosersberg ADministration Kontakta styrelsen p\u00e5: admin@brfros123.se postadress Brf Rosersberg 123 Box 1238 131 28 Nacka Strand Bostadsr\u00e4ttsinnehavare F\u00f6ljande f\u00f6retag verkar i v\u00e5ra lokaler: HEAD Engineering AB HEAD Engineering designar&nbsp; och levererar processanl\u00e4ggningar inom l\u00e4kemedels- och&nbsp; pappermassaindustrin. hemsida Lucent Chemicals AB [&hellip;]<\/p>\n","protected":false},"author":1,"featured_media":0,"parent":0,"menu_order":0,"comment_status":"closed","ping_status":"closed","template":"page-templates\/homepage.php","meta":[],"_links":{"self":[{"href":"https:\/\/www.brfros123.se\/wp-json\/wp\/v2\/pages\/35"}],"collection":[{"href":"https:\/\/www.brfros123.se\/wp-json\/wp\/v2\/pages"}],"about":[{"href":"https:\/\/www.brfros123.se\/wp-json\/wp\/v2\/types\/page"}],"author":[{"embeddable":true,"href":"https:\/\/www.brfros123.se\/wp-json\/wp\/v2\/users\/1"}],"replies":[{"embeddable":true,"href":"https:\/\/www.brfros123.se\/wp-json\/wp\/v2\/comments?post=35"}],"version-history":[{"count":20,"href":"https:\/\/www.brfros123.se\/wp-json\/wp\/v2\/pages\/35\/revisions"}],"predecessor-version":[{"id":324,"href":"https:\/\/www.brfros123.se\/wp-json\/wp\/v2\/pages\/35\/revisions\/324"}],"wp:attachment":[{"href":"https:\/\/www.brfros123.se\/wp-json\/wp\/v2\/media?parent=35"}],"curies":[{"name":"wp","href":"https:\/\/api.w.org\/{rel}","templated":true}]}}